{"id":14778,"date":"2022-04-01T13:03:40","date_gmt":"2022-04-01T11:03:40","guid":{"rendered":"https:\/\/www.future-live.com\/ellirose-hibiscus-extract\/"},"modified":"2026-02-09T09:42:58","modified_gmt":"2026-02-09T08:42:58","slug":"ellirose-hibiscus-extract","status":"publish","type":"page","link":"https:\/\/www.future-live.com\/en\/ellirose-hibiscus-extract\/","title":{"rendered":"Ellirose\u2122, hibiscus extract"},"content":{"rendered":"<div class=\"wpb-content-wrapper\"><p>[vc_row background_color=&#8221;custom&#8221; custom_background_color=&#8221;rgba(255,255,255,0.9)&#8221;][vc_column width=&#8221;1\/6&#8243;][\/vc_column][vc_column width=&#8221;2\/3&#8243;][tm_spacer size=&#8221;lg:32&#8243;][vc_column_text]<img loading=\"lazy\" decoding=\"async\" class=\"alignnone size-medium wp-image-535\" src=\"https:\/\/www.future-live.com\/wp-content\/uploads\/2018\/05\/Ellirose-300x109.jpg\" alt=\"\" width=\"300\" height=\"109\" srcset=\"https:\/\/www.future-live.com\/wp-content\/uploads\/2018\/05\/Ellirose-300x109.jpg 300w, https:\/\/www.future-live.com\/wp-content\/uploads\/2018\/05\/Ellirose-768x280.jpg 768w, https:\/\/www.future-live.com\/wp-content\/uploads\/2018\/05\/Ellirose-1024x373.jpg 1024w, https:\/\/www.future-live.com\/wp-content\/uploads\/2018\/05\/Ellirose-600x218.jpg 600w, https:\/\/www.future-live.com\/wp-content\/uploads\/2018\/05\/Ellirose.jpg 1096w\" sizes=\"(max-width: 300px) 100vw, 300px\" \/>[\/vc_column_text][tm_spacer size=&#8221;lg:32&#8243;][vc_column_text]<\/p>\n<div id=\"model-response-message-contentr_b2f9d58a96edcf5c\" class=\"markdown markdown-main-panel enable-updated-hr-color\" dir=\"ltr\" aria-live=\"polite\" aria-busy=\"false\">\n<p data-path-to-node=\"0\"><strong>Ellirose\u2122<\/strong>, a specific extract from the flower calyxes of hibiscus\u2014a plant that grows in West-Central African regions\u2014has shown specific <strong>antiseptic properties<\/strong> against certain germs responsible for very common urinary tract bacterial infections.<\/p>\n<p data-path-to-node=\"0\">Thanks to a patented extraction method capable of achieving the maximum concentration of active ingredients, an extract can be obtained with:<\/p>\n<ul data-path-to-node=\"1\">\n<li>\n<p data-path-to-node=\"1,0,0\">45% phenolic compounds, particularly proanthocyanidins<\/p>\n<\/li>\n<li>\n<p data-path-to-node=\"1,1,0\">40% organic acids, particularly protocatechuic acid, citric acid, and malic acid.<\/p>\n<\/li>\n<\/ul>\n<\/div>\n<p>[\/vc_column_text][tm_spacer size=&#8221;lg:32&#8243;][vc_custom_heading text=&#8221;Meccanismo d&#8217;azione&#8221; font_container=&#8221;tag:h2|font_size:30|text_align:left&#8221; use_theme_fonts=&#8221;yes&#8221;][tm_spacer size=&#8221;lg:32&#8243;][vc_column_text]<\/p>\n<div id=\"model-response-message-contentr_cb3f1966f67b3513\" class=\"markdown markdown-main-panel enable-updated-hr-color\" dir=\"ltr\" aria-live=\"polite\" aria-busy=\"false\">\n<p data-path-to-node=\"0\">Thanks to these active ingredients, <strong>Ellirose\u2122<\/strong> has proven effective in urinary tract infections of bacterial origin because:<\/p>\n<ul data-path-to-node=\"1\">\n<li>\n<p data-path-to-node=\"1,0,0\">Proanthocyanidins inhibit the adhesion of bacteria to the cells of the bladder mucosa, allowing them to be eliminated through urine.<\/p>\n<\/li>\n<li>\n<p data-path-to-node=\"1,1,0\">Organic acids cause rapid acidification of the urine, which helps create an unfavorable environment for bacterial growth.<\/p>\n<\/li>\n<\/ul>\n<p data-path-to-node=\"1,1,0\">Recent studies have demonstrated the specific ability of hibiscus extract to inhibit the growth and development of <i data-path-to-node=\"1,2,0\" data-index-in-node=\"115\">Escherichia coli<\/i> strains, a bacterium responsible for a high number of <a href=\"https:\/\/www.future-live.com\/en\/recurrent-cystitis\/\">recurrent cystitis<\/a> cases.<\/p>\n<\/div>\n<p>[\/vc_column_text][tm_spacer size=&#8221;lg:32&#8243;][vc_custom_heading text=&#8221;Clinical studies&#8221; font_container=&#8221;tag:h2|font_size:30|text_align:left&#8221; use_theme_fonts=&#8221;yes&#8221;][tm_spacer size=&#8221;lg:60&#8243;][vc_single_image image=&#8221;8987&#8243; img_size=&#8221;full&#8221; alignment=&#8221;center&#8221; css_animation=&#8221;fadeInDown&#8221;][vc_single_image image=&#8221;8989&#8243; img_size=&#8221;full&#8221; alignment=&#8221;center&#8221; css_animation=&#8221;fadeInDown&#8221;][vc_single_image image=&#8221;8991&#8243; img_size=&#8221;full&#8221; alignment=&#8221;center&#8221; css_animation=&#8221;fadeInDown&#8221;][\/vc_column][vc_column width=&#8221;1\/6&#8243;][\/vc_column][\/vc_row][vc_row][vc_column][tm_spacer size=&#8221;lg:60&#8243;][\/vc_column][\/vc_row][vc_row][vc_column width=&#8221;1\/4&#8243;][\/vc_column][vc_column width=&#8221;1\/4&#8243;][tm_spacer size=&#8221;lg:60&#8243;][vc_btn title=&#8221;Learn more&#8221; style=&#8221;custom&#8221; custom_background=&#8221;#005599&#8243; custom_text=&#8221;#ffffff&#8221; shape=&#8221;round&#8221; size=&#8221;lg&#8221; align=&#8221;right&#8221; link=&#8221;url:https%3A%2F%2Fwww.future-live.com%2Fprodotto%2Fenzuryl-24-capsule-gastroresistenti%2F|title:EnzUryl%20Cist%2024%20capsule%20gastroprotette|&#8221;][\/vc_column][vc_column width=&#8221;1\/4&#8243;][vc_single_image image=&#8221;1510&#8243; img_size=&#8221;large&#8221; onclick=&#8221;custom_link&#8221; link=&#8221;https:\/\/www.future-live.com\/prodotto\/enzuryl-24-capsule-gastroresistenti\/&#8221;][\/vc_column][vc_column width=&#8221;1\/4&#8243;][\/vc_column][\/vc_row][vc_row background_color=&#8221;custom&#8221; custom_background_color=&#8221;rgba(255,255,255,0.9)&#8221;][vc_column][tm_spacer size=&#8221;lg:40&#8243;][vc_separator border_width=&#8221;3&#8243;][tm_spacer size=&#8221;lg:40&#8243;][\/vc_column][\/vc_row][vc_row background_color=&#8221;custom&#8221; custom_background_color=&#8221;rgba(30,115,190,0.9)&#8221;][vc_column width=&#8221;1\/6&#8243;][\/vc_column][vc_column width=&#8221;2\/3&#8243;][tm_spacer size=&#8221;lg:32&#8243;][vc_column_text css_animation=&#8221;fadeInDown&#8221;]<span style=\"color: #ffffff;\">Bibliografia<\/span>[\/vc_column_text][vc_column_text css_animation=&#8221;fadeInDown&#8221;]<\/p>\n<ul>\n<li><span style=\"color: #ffffff;\"><em>A review on phytochemistry and therapeutic uses of Hibiscus sabdariffa L. \u2013 G. Riaz and R. Chopra &#8211; Biomedicine &amp; Pharmacotherapy 102 (2018) 575\u2013586<\/em><\/span><\/li>\n<li><span style=\"color: #ffffff;\"><em>Hibiscus sabdariffa L. \u2013 A phytochemical and pharmacological review \u2013 I. Da-Costa-Rocha et al. &#8211; Food Chemistry 165 (2014) 424\u2013443<\/em><\/span><\/li>\n<li><span style=\"color: #ffffff;\"><em>Pr\u00e9vention des cystites r\u00e9cidivantes de la femme: \u00e9tude en double aveugle contre placebo d\u2019un extrait d\u2019Hibiscus sabdariffa L. &#8211; F.A. Allaert &#8211; La Lettre de l\u2019Infectiologue \u2022 Tome XXV &#8211; n\u00b0 2 &#8211; mars-avril 2010<\/em><\/span><\/li>\n<\/ul>\n<p>[\/vc_column_text][tm_spacer size=&#8221;lg:60&#8243;][\/vc_column][vc_column width=&#8221;1\/6&#8243;][\/vc_column][\/vc_row][vc_row][vc_column][tm_spacer size=&#8221;lg:60&#8243;][\/vc_column][\/vc_row]<\/p>\n<\/div>","protected":false},"excerpt":{"rendered":"[vc_row background_color=&#8221;custom&#8221; custom_background_color=&#8221;rgba(255,255,255,0.9)&#8221;][vc_column width=&#8221;1\/6&#8243;][\/vc_column][vc_column width=&#8221;2\/3&#8243;][tm_spacer size=&#8221;lg:32&#8243;][vc_column_text][\/vc_column_text][tm_spacer size=&#8221;lg:32&#8243;][vc_column_text] Ellirose\u2122, a specific extract from the flower calyxes of hibiscus\u2014a plant that grows in West-Central African regions\u2014has shown specific antiseptic properties against certain germs responsible for very common urinary tract bacterial infections. Thanks to a patented extraction method capable of achieving the maximum concentration of active ingredients, an extract can be obtained with: 45% phenolic compounds, particularly proanthocyanidins 40% organic acids, particularly protocatechuic acid, citric acid, and malic acid. [\/vc_column_text][tm_spacer size=&#8221;lg:32&#8243;][vc_custom_heading text=&#8221;Meccanismo d&#8217;azione&#8221; font_container=&#8221;tag:h2|font_size:30|text_align:left&#8221; use_theme_fonts=&#8221;yes&#8221;][tm_spacer size=&#8221;lg:32&#8243;][vc_column_text] Thanks to these active ingredients, Ellirose\u2122 has proven effective in urinary tract infections of bacterial origin because: Proanthocyanidins inhibit the adhesion of bacteria to the cells of the bladder mucosa, allowing them to be eliminated through urine. Organic acids cause rapid acidification of the urine, which helps create an unfavorable environment for bacterial growth. Recent studies have demonstrated the specific ability of hibiscus extract to inhibit the growth and development of Escherichia coli strains, a bacterium responsible for a high number of recurrent cystitis cases. [\/vc_column_text][tm_spacer size=&#8221;lg:32&#8243;][vc_custom_heading text=&#8221;Clinical studies&#8221; font_container=&#8221;tag:h2|font_size:30|text_align:left&#8221; use_theme_fonts=&#8221;yes&#8221;][tm_spacer size=&#8221;lg:60&#8243;][vc_single_image image=&#8221;8987&#8243; img_size=&#8221;full&#8221; alignment=&#8221;center&#8221; css_animation=&#8221;fadeInDown&#8221;][vc_single_image image=&#8221;8989&#8243; img_size=&#8221;full&#8221; alignment=&#8221;center&#8221; css_animation=&#8221;fadeInDown&#8221;][vc_single_image image=&#8221;8991&#8243; img_size=&#8221;full&#8221; alignment=&#8221;center&#8221; css_animation=&#8221;fadeInDown&#8221;][\/vc_column][vc_column width=&#8221;1\/6&#8243;][\/vc_column][\/vc_row][vc_row][vc_column][tm_spacer size=&#8221;lg:60&#8243;][\/vc_column][\/vc_row][vc_row][vc_column width=&#8221;1\/4&#8243;][\/vc_column][vc_column width=&#8221;1\/4&#8243;][tm_spacer size=&#8221;lg:60&#8243;][vc_btn title=&#8221;Learn more&#8221; style=&#8221;custom&#8221; custom_background=&#8221;#005599&#8243; custom_text=&#8221;#ffffff&#8221; shape=&#8221;round&#8221; size=&#8221;lg&#8221; align=&#8221;right&#8221; link=&#8221;url:https%3A%2F%2Fwww.future-live.com%2Fprodotto%2Fenzuryl-24-capsule-gastroresistenti%2F|title:EnzUryl%20Cist%2024%20capsule%20gastroprotette|&#8221;][\/vc_column][vc_column width=&#8221;1\/4&#8243;][vc_single_image image=&#8221;1510&#8243; img_size=&#8221;large&#8221; onclick=&#8221;custom_link&#8221; link=&#8221;https:\/\/www.future-live.com\/prodotto\/enzuryl-24-capsule-gastroresistenti\/&#8221;][\/vc_column][vc_column width=&#8221;1\/4&#8243;][\/vc_column][\/vc_row][vc_row background_color=&#8221;custom&#8221; custom_background_color=&#8221;rgba(255,255,255,0.9)&#8221;][vc_column][tm_spacer size=&#8221;lg:40&#8243;][vc_separator border_width=&#8221;3&#8243;][tm_spacer size=&#8221;lg:40&#8243;][\/vc_column][\/vc_row][vc_row background_color=&#8221;custom&#8221; custom_background_color=&#8221;rgba(30,115,190,0.9)&#8221;][vc_column width=&#8221;1\/6&#8243;][\/vc_column][vc_column width=&#8221;2\/3&#8243;][tm_spacer size=&#8221;lg:32&#8243;][vc_column_text css_animation=&#8221;fadeInDown&#8221;]Bibliografia[\/vc_column_text][vc_column_text css_animation=&#8221;fadeInDown&#8221;] A review on phytochemistry and therapeutic uses of Hibiscus sabdariffa L. \u2013 G. Riaz and R. Chopra &#8211; Biomedicine &amp; Pharmacotherapy 102 (2018) 575\u2013586 Hibiscus sabdariffa L. \u2013 A phytochemical and pharmacological review \u2013 I. Da-Costa-Rocha et al. &#8211; Food Chemistry 165 (2014) 424\u2013443 Pr\u00e9vention des cystites r\u00e9cidivantes de la femme: \u00e9tude en double aveugle contre placebo d\u2019un extrait d\u2019Hibiscus sabdariffa L. &#8211; F.A. Allaert &#8211; La Lettre de l\u2019Infectiologue \u2022 Tome XXV &#8211; n\u00b0 2 &#8211; mars-avril 2010 [\/vc_column_text][tm_spacer size=&#8221;lg:60&#8243;][\/vc_column][vc_column width=&#8221;1\/6&#8243;][\/vc_column][\/vc_row][vc_row][vc_column][tm_spacer size=&#8221;lg:60&#8243;][\/vc_column][\/vc_row]","protected":false},"author":2,"featured_media":0,"parent":0,"menu_order":0,"comment_status":"closed","ping_status":"closed","template":"","meta":{"footnotes":""},"yoast_head":"<!-- This site is optimized with the Yoast SEO plugin v22.5 - https:\/\/yoast.com\/wordpress\/plugins\/seo\/ -->\n<title>Ellirose\u2122, hibiscus extract - Future Live Srl<\/title>\n<meta name=\"description\" content=\"Ellirose\u2122 is a hibiscus extract with specific antiseptic properties against several germs responsible for very common urinary bacterial infections.\" \/>\n<meta name=\"robots\" content=\"index, follow, max-snippet:-1, max-image-preview:large, max-video-preview:-1\" \/>\n<link rel=\"canonical\" href=\"https:\/\/www.future-live.com\/en\/ellirose-hibiscus-extract\/\" \/>\n<meta property=\"og:locale\" content=\"en_US\" \/>\n<meta property=\"og:type\" content=\"article\" \/>\n<meta property=\"og:title\" content=\"Ellirose\u2122, hibiscus extract - Future Live Srl\" \/>\n<meta property=\"og:description\" content=\"Ellirose\u2122 is a hibiscus extract with specific antiseptic properties against several germs responsible for very common urinary bacterial infections.\" \/>\n<meta property=\"og:url\" content=\"https:\/\/www.future-live.com\/en\/ellirose-hibiscus-extract\/\" \/>\n<meta property=\"og:site_name\" content=\"Future Live Srl\" \/>\n<meta property=\"article:publisher\" content=\"https:\/\/www.facebook.com\/FutureLivesrl\/\" \/>\n<meta property=\"article:modified_time\" content=\"2026-02-09T08:42:58+00:00\" \/>\n<meta property=\"og:image\" content=\"https:\/\/www.future-live.com\/wp-content\/uploads\/2018\/05\/Ellirose-300x109.jpg\" \/>\n<meta name=\"twitter:card\" content=\"summary_large_image\" \/>\n<meta name=\"twitter:label1\" content=\"Est. reading time\" \/>\n\t<meta name=\"twitter:data1\" content=\"3 minutes\" \/>\n<script type=\"application\/ld+json\" class=\"yoast-schema-graph\">{\"@context\":\"https:\/\/schema.org\",\"@graph\":[{\"@type\":\"WebPage\",\"@id\":\"https:\/\/www.future-live.com\/en\/ellirose-hibiscus-extract\/\",\"url\":\"https:\/\/www.future-live.com\/en\/ellirose-hibiscus-extract\/\",\"name\":\"Ellirose\u2122, hibiscus extract - Future Live Srl\",\"isPartOf\":{\"@id\":\"https:\/\/www.future-live.com\/#website\"},\"primaryImageOfPage\":{\"@id\":\"https:\/\/www.future-live.com\/en\/ellirose-hibiscus-extract\/#primaryimage\"},\"image\":{\"@id\":\"https:\/\/www.future-live.com\/en\/ellirose-hibiscus-extract\/#primaryimage\"},\"thumbnailUrl\":\"https:\/\/www.future-live.com\/wp-content\/uploads\/2018\/05\/Ellirose-300x109.jpg\",\"datePublished\":\"2022-04-01T11:03:40+00:00\",\"dateModified\":\"2026-02-09T08:42:58+00:00\",\"description\":\"Ellirose\u2122 is a hibiscus extract with specific antiseptic properties against several germs responsible for very common urinary bacterial infections.\",\"breadcrumb\":{\"@id\":\"https:\/\/www.future-live.com\/en\/ellirose-hibiscus-extract\/#breadcrumb\"},\"inLanguage\":\"en-US\",\"potentialAction\":[{\"@type\":\"ReadAction\",\"target\":[\"https:\/\/www.future-live.com\/en\/ellirose-hibiscus-extract\/\"]}]},{\"@type\":\"ImageObject\",\"inLanguage\":\"en-US\",\"@id\":\"https:\/\/www.future-live.com\/en\/ellirose-hibiscus-extract\/#primaryimage\",\"url\":\"https:\/\/www.future-live.com\/wp-content\/uploads\/2018\/05\/Ellirose-300x109.jpg\",\"contentUrl\":\"https:\/\/www.future-live.com\/wp-content\/uploads\/2018\/05\/Ellirose-300x109.jpg\"},{\"@type\":\"BreadcrumbList\",\"@id\":\"https:\/\/www.future-live.com\/en\/ellirose-hibiscus-extract\/#breadcrumb\",\"itemListElement\":[{\"@type\":\"ListItem\",\"position\":1,\"name\":\"Home\",\"item\":\"https:\/\/www.future-live.com\/en\/\"},{\"@type\":\"ListItem\",\"position\":2,\"name\":\"Ellirose\u2122, hibiscus extract\"}]},{\"@type\":\"WebSite\",\"@id\":\"https:\/\/www.future-live.com\/#website\",\"url\":\"https:\/\/www.future-live.com\/\",\"name\":\"Future Live Srl\",\"description\":\"\",\"publisher\":{\"@id\":\"https:\/\/www.future-live.com\/#organization\"},\"potentialAction\":[{\"@type\":\"SearchAction\",\"target\":{\"@type\":\"EntryPoint\",\"urlTemplate\":\"https:\/\/www.future-live.com\/?s={search_term_string}\"},\"query-input\":\"required name=search_term_string\"}],\"inLanguage\":\"en-US\"},{\"@type\":\"Organization\",\"@id\":\"https:\/\/www.future-live.com\/#organization\",\"name\":\"Future Live\",\"url\":\"https:\/\/www.future-live.com\/\",\"logo\":{\"@type\":\"ImageObject\",\"inLanguage\":\"en-US\",\"@id\":\"https:\/\/www.future-live.com\/#\/schema\/logo\/image\/\",\"url\":\"https:\/\/www.future-live.com\/wp-content\/uploads\/2018\/05\/logo-con-sfondo-bianco.png\",\"contentUrl\":\"https:\/\/www.future-live.com\/wp-content\/uploads\/2018\/05\/logo-con-sfondo-bianco.png\",\"width\":1428,\"height\":1315,\"caption\":\"Future Live\"},\"image\":{\"@id\":\"https:\/\/www.future-live.com\/#\/schema\/logo\/image\/\"},\"sameAs\":[\"https:\/\/www.facebook.com\/FutureLivesrl\/\",\"https:\/\/www.linkedin.com\/company\/future-live-srl\/\"]}]}<\/script>\n<!-- \/ Yoast SEO plugin. -->","yoast_head_json":{"title":"Ellirose\u2122, hibiscus extract - Future Live Srl","description":"Ellirose\u2122 is a hibiscus extract with specific antiseptic properties against several germs responsible for very common urinary bacterial infections.","robots":{"index":"index","follow":"follow","max-snippet":"max-snippet:-1","max-image-preview":"max-image-preview:large","max-video-preview":"max-video-preview:-1"},"canonical":"https:\/\/www.future-live.com\/en\/ellirose-hibiscus-extract\/","og_locale":"en_US","og_type":"article","og_title":"Ellirose\u2122, hibiscus extract - Future Live Srl","og_description":"Ellirose\u2122 is a hibiscus extract with specific antiseptic properties against several germs responsible for very common urinary bacterial infections.","og_url":"https:\/\/www.future-live.com\/en\/ellirose-hibiscus-extract\/","og_site_name":"Future Live Srl","article_publisher":"https:\/\/www.facebook.com\/FutureLivesrl\/","article_modified_time":"2026-02-09T08:42:58+00:00","og_image":[{"url":"https:\/\/www.future-live.com\/wp-content\/uploads\/2018\/05\/Ellirose-300x109.jpg"}],"twitter_card":"summary_large_image","twitter_misc":{"Est. reading time":"3 minutes"},"schema":{"@context":"https:\/\/schema.org","@graph":[{"@type":"WebPage","@id":"https:\/\/www.future-live.com\/en\/ellirose-hibiscus-extract\/","url":"https:\/\/www.future-live.com\/en\/ellirose-hibiscus-extract\/","name":"Ellirose\u2122, hibiscus extract - Future Live Srl","isPartOf":{"@id":"https:\/\/www.future-live.com\/#website"},"primaryImageOfPage":{"@id":"https:\/\/www.future-live.com\/en\/ellirose-hibiscus-extract\/#primaryimage"},"image":{"@id":"https:\/\/www.future-live.com\/en\/ellirose-hibiscus-extract\/#primaryimage"},"thumbnailUrl":"https:\/\/www.future-live.com\/wp-content\/uploads\/2018\/05\/Ellirose-300x109.jpg","datePublished":"2022-04-01T11:03:40+00:00","dateModified":"2026-02-09T08:42:58+00:00","description":"Ellirose\u2122 is a hibiscus extract with specific antiseptic properties against several germs responsible for very common urinary bacterial infections.","breadcrumb":{"@id":"https:\/\/www.future-live.com\/en\/ellirose-hibiscus-extract\/#breadcrumb"},"inLanguage":"en-US","potentialAction":[{"@type":"ReadAction","target":["https:\/\/www.future-live.com\/en\/ellirose-hibiscus-extract\/"]}]},{"@type":"ImageObject","inLanguage":"en-US","@id":"https:\/\/www.future-live.com\/en\/ellirose-hibiscus-extract\/#primaryimage","url":"https:\/\/www.future-live.com\/wp-content\/uploads\/2018\/05\/Ellirose-300x109.jpg","contentUrl":"https:\/\/www.future-live.com\/wp-content\/uploads\/2018\/05\/Ellirose-300x109.jpg"},{"@type":"BreadcrumbList","@id":"https:\/\/www.future-live.com\/en\/ellirose-hibiscus-extract\/#breadcrumb","itemListElement":[{"@type":"ListItem","position":1,"name":"Home","item":"https:\/\/www.future-live.com\/en\/"},{"@type":"ListItem","position":2,"name":"Ellirose\u2122, hibiscus extract"}]},{"@type":"WebSite","@id":"https:\/\/www.future-live.com\/#website","url":"https:\/\/www.future-live.com\/","name":"Future Live Srl","description":"","publisher":{"@id":"https:\/\/www.future-live.com\/#organization"},"potentialAction":[{"@type":"SearchAction","target":{"@type":"EntryPoint","urlTemplate":"https:\/\/www.future-live.com\/?s={search_term_string}"},"query-input":"required name=search_term_string"}],"inLanguage":"en-US"},{"@type":"Organization","@id":"https:\/\/www.future-live.com\/#organization","name":"Future Live","url":"https:\/\/www.future-live.com\/","logo":{"@type":"ImageObject","inLanguage":"en-US","@id":"https:\/\/www.future-live.com\/#\/schema\/logo\/image\/","url":"https:\/\/www.future-live.com\/wp-content\/uploads\/2018\/05\/logo-con-sfondo-bianco.png","contentUrl":"https:\/\/www.future-live.com\/wp-content\/uploads\/2018\/05\/logo-con-sfondo-bianco.png","width":1428,"height":1315,"caption":"Future Live"},"image":{"@id":"https:\/\/www.future-live.com\/#\/schema\/logo\/image\/"},"sameAs":["https:\/\/www.facebook.com\/FutureLivesrl\/","https:\/\/www.linkedin.com\/company\/future-live-srl\/"]}]}},"_links":{"self":[{"href":"https:\/\/www.future-live.com\/en\/wp-json\/wp\/v2\/pages\/14778"}],"collection":[{"href":"https:\/\/www.future-live.com\/en\/wp-json\/wp\/v2\/pages"}],"about":[{"href":"https:\/\/www.future-live.com\/en\/wp-json\/wp\/v2\/types\/page"}],"author":[{"embeddable":true,"href":"https:\/\/www.future-live.com\/en\/wp-json\/wp\/v2\/users\/2"}],"replies":[{"embeddable":true,"href":"https:\/\/www.future-live.com\/en\/wp-json\/wp\/v2\/comments?post=14778"}],"version-history":[{"count":5,"href":"https:\/\/www.future-live.com\/en\/wp-json\/wp\/v2\/pages\/14778\/revisions"}],"predecessor-version":[{"id":14782,"href":"https:\/\/www.future-live.com\/en\/wp-json\/wp\/v2\/pages\/14778\/revisions\/14782"}],"wp:attachment":[{"href":"https:\/\/www.future-live.com\/en\/wp-json\/wp\/v2\/media?parent=14778"}],"curies":[{"name":"wp","href":"https:\/\/api.w.org\/{rel}","templated":true}]}}